{"id":38,"date":"2025-11-20T13:54:55","date_gmt":"2025-11-20T13:54:55","guid":{"rendered":"http:\/\/anneceleste.fr\/?page_id=38"},"modified":"2025-11-24T16:35:06","modified_gmt":"2025-11-24T16:35:06","slug":"architecture-dinterieur","status":"publish","type":"page","link":"https:\/\/anneceleste.fr\/?page_id=38","title":{"rendered":"Architecture d&#8217;int\u00e9rieur"},"content":{"rendered":"\n<div class=\"wp-block-group alignfull has-global-padding is-layout-constrained wp-container-core-group-is-layout-0c9c989a wp-block-group-is-layout-constrained\" style=\"min-height:0vh;margin-top:0;margin-bottom:0;padding-top:var(--wp--preset--spacing--70);padding-right:var(--wp--preset--spacing--40);padding-bottom:var(--wp--preset--spacing--70);padding-left:var(--wp--preset--spacing--40)\">\n<div class=\"wp-block-group has-global-padding is-layout-constrained wp-container-core-group-is-layout-346627ba wp-block-group-is-layout-constrained\">\n<h4 class=\"wp-block-heading has-text-align-center has-text-color has-link-color has-x-large-font-size wp-elements-bbbd95944c2fc3f31247e9c977a68a0e\" style=\"color:#b99863;margin-right:0;margin-left:0;padding-right:0;padding-left:0\">Les cl\u00e9s du succ\u00e8s d&#8217;un projet de design d&#8217;int\u00e9rieur:<\/h4>\n\n\n\n<p class=\"has-text-align-center has-large-font-size\"><strong>La v\u00e9ritable r\u00e9ussite r\u00e9side dans la juste alchimie entre l&#8217;esth\u00e9tique \u2014 l&#8217;\u00e2me du projet \u2014, la praticit\u00e9 \u2014 la mani\u00e8re dont vous vivez l&#8217;espace au quotidien \u2014 et le respect du cadrage budg\u00e9taire.<\/strong><\/p>\n\n\n\n<p class=\"has-text-align-center\"><\/p>\n\n\n\n<div class=\"wp-block-buttons is-content-justification-center is-layout-flex wp-container-core-buttons-is-layout-a89b3969 wp-block-buttons-is-layout-flex\">\n<div class=\"wp-block-button\"><a class=\"wp-block-button__link wp-element-button\" style=\"border-style:none;border-width:0px;border-radius:42px\">En savoir plus&#8230;<\/a><\/div>\n<\/div>\n<\/div>\n<\/div>\n\n\n\n<div class=\"wp-block-group alignfull is-style-section-1 has-global-padding is-layout-constrained wp-block-group-is-layout-constrained is-style-section-1--1\" style=\"margin-top:0;margin-bottom:0;padding-top:var(--wp--preset--spacing--80);padding-bottom:var(--wp--preset--spacing--80)\">\n<div class=\"wp-block-columns alignwide is-layout-flex wp-container-core-columns-is-layout-66fad18a wp-block-columns-is-layout-flex\">\n<div class=\"wp-block-column is-layout-flow wp-block-column-is-layout-flow\" style=\"padding-right:var(--wp--preset--spacing--50);flex-basis:45%\">\n<figure class=\"wp-block-image size-full\"><img loading=\"lazy\" decoding=\"async\" width=\"1920\" height=\"1080\" src=\"http:\/\/anneceleste.fr\/wp-content\/uploads\/2025\/11\/eRNuL2JFis8.jpg\" alt=\"\" class=\"wp-image-39\" srcset=\"https:\/\/anneceleste.fr\/wp-content\/uploads\/2025\/11\/eRNuL2JFis8.jpg 1920w, https:\/\/anneceleste.fr\/wp-content\/uploads\/2025\/11\/eRNuL2JFis8-300x169.jpg 300w, https:\/\/anneceleste.fr\/wp-content\/uploads\/2025\/11\/eRNuL2JFis8-1024x576.jpg 1024w, https:\/\/anneceleste.fr\/wp-content\/uploads\/2025\/11\/eRNuL2JFis8-768x432.jpg 768w, https:\/\/anneceleste.fr\/wp-content\/uploads\/2025\/11\/eRNuL2JFis8-1536x864.jpg 1536w\" sizes=\"auto, (max-width: 1920px) 100vw, 1920px\" \/><\/figure>\n\n\n\n<div class=\"wp-block-group has-global-padding is-layout-constrained wp-block-group-is-layout-constrained\" style=\"margin-top:-12vw\"><\/div>\n<\/div>\n\n\n\n<div class=\"wp-block-column is-vertically-aligned-center is-layout-flow wp-block-column-is-layout-flow\" style=\"padding-right:0;padding-left:0;flex-basis:50%\">\n<div class=\"wp-block-group is-vertical is-layout-flex wp-container-core-group-is-layout-fe9cc265 wp-block-group-is-layout-flex\">\n<h2 class=\"wp-block-heading is-style-text-annotation is-style-text-annotation--2\">About Us<\/h2>\n<\/div>\n\n\n\n<p class=\"is-style-text-subtitle has-text-color has-link-color wp-elements-35350fa83e63ccda387bb1ab24352138 is-style-text-subtitle--3\" style=\"color:#c5a66c\">Mon ambition est de concevoir un espace authentiquement v\u00f4tre, pens\u00e9 sur-mesure, dont l&#8217;atmosph\u00e8re unique vous enveloppe d&#8217;un sentiment de bien-\u00eatre et de confort in\u00e9galable, et qui est le reflet exclusif de votre sensibilit\u00e9.<\/p>\n<\/div>\n<\/div>\n<\/div>\n\n\n\n<div class=\"wp-block-group alignfull has-global-padding is-layout-constrained wp-container-core-group-is-layout-ebee8dc1 wp-block-group-is-layout-constrained\" style=\"margin-top:0;margin-bottom:0;padding-top:var(--wp--preset--spacing--50);padding-bottom:var(--wp--preset--spacing--50)\">\n<h2 class=\"wp-block-heading alignwide has-contrast-color has-text-color has-link-color wp-elements-20d2e64a648db17901cb0b1e020dce79\">Etapes de Design d&#8217;int\u00e9rieur<\/h2>\n\n\n\n<div class=\"wp-block-columns alignwide is-layout-flex wp-container-core-columns-is-layout-28f84493 wp-block-columns-is-layout-flex\">\n<div class=\"wp-block-column is-layout-flow wp-block-column-is-layout-flow\">\n<figure class=\"wp-block-image size-full\" style=\"margin-bottom:24px\"><img loading=\"lazy\" decoding=\"async\" width=\"1600\" height=\"653\" src=\"http:\/\/anneceleste.fr\/wp-content\/uploads\/2025\/11\/WhatsApp-Image-2025-02-26-at-16.56.19.jpeg\" alt=\"\" class=\"wp-image-41\" style=\"aspect-ratio:1;object-fit:cover\" srcset=\"https:\/\/anneceleste.fr\/wp-content\/uploads\/2025\/11\/WhatsApp-Image-2025-02-26-at-16.56.19.jpeg 1600w, https:\/\/anneceleste.fr\/wp-content\/uploads\/2025\/11\/WhatsApp-Image-2025-02-26-at-16.56.19-300x122.jpeg 300w, https:\/\/anneceleste.fr\/wp-content\/uploads\/2025\/11\/WhatsApp-Image-2025-02-26-at-16.56.19-1024x418.jpeg 1024w, https:\/\/anneceleste.fr\/wp-content\/uploads\/2025\/11\/WhatsApp-Image-2025-02-26-at-16.56.19-768x313.jpeg 768w, https:\/\/anneceleste.fr\/wp-content\/uploads\/2025\/11\/WhatsApp-Image-2025-02-26-at-16.56.19-1536x627.jpeg 1536w\" sizes=\"auto, (max-width: 1600px) 100vw, 1600px\" \/><\/figure>\n\n\n\n<h3 class=\"wp-block-heading has-contrast-color has-text-color has-link-color wp-elements-08054ba042cd66b5744858d44a811433\">1. Concept<\/h3>\n\n\n\n<p class=\"has-text-color has-link-color has-medium-font-size wp-elements-dcccf545b8b139211da6b65dcf366d48\" style=\"color:#d6af70\">Rencontre avec le client, \u00e9laboration du Cahier des charges d\u00e9taill\u00e9. D\u00e9finition du style, de la palette de couleurs et de l&#8217;ambiance de l&#8217;espaces. <\/p>\n<\/div>\n\n\n\n<div class=\"wp-block-column is-layout-flow wp-block-column-is-layout-flow\">\n<figure class=\"wp-block-image size-full\" style=\"margin-bottom:24px\"><img loading=\"lazy\" decoding=\"async\" width=\"1087\" height=\"1087\" src=\"https:\/\/anneceleste.fr\/wp-content\/uploads\/2025\/11\/DGxY4TWigI4-edited.jpg\" alt=\"\" class=\"wp-image-166\" style=\"aspect-ratio:1;object-fit:cover\" srcset=\"https:\/\/anneceleste.fr\/wp-content\/uploads\/2025\/11\/DGxY4TWigI4-edited.jpg 1087w, https:\/\/anneceleste.fr\/wp-content\/uploads\/2025\/11\/DGxY4TWigI4-edited-300x300.jpg 300w, https:\/\/anneceleste.fr\/wp-content\/uploads\/2025\/11\/DGxY4TWigI4-edited-1024x1024.jpg 1024w, https:\/\/anneceleste.fr\/wp-content\/uploads\/2025\/11\/DGxY4TWigI4-edited-150x150.jpg 150w, https:\/\/anneceleste.fr\/wp-content\/uploads\/2025\/11\/DGxY4TWigI4-edited-768x768.jpg 768w\" sizes=\"auto, (max-width: 1087px) 100vw, 1087px\" \/><\/figure>\n\n\n\n<h3 class=\"wp-block-heading has-contrast-color has-text-color has-link-color wp-elements-e17ef0385ee53ff8fad5f4b6b83ecfab\">2. Solution d&#8217;Am\u00e9nagement , Esquisse et 3D<\/h3>\n\n\n\n<p class=\"has-text-color has-link-color has-medium-font-size wp-elements-a578e8dbf6bf626b91a4cb7789af79d5\" style=\"color:#d6af70\">Elaboration de plusieurs options d&#8217;am\u00e9nagement. D\u00e9finition du zonage. Les priorit\u00e9s c&#8217;est composition l&#8217;ergonomie et fonctionnalit\u00e9 avec Esth\u00e9tique et atmosph\u00e8re.<\/p>\n<\/div>\n\n\n\n<div class=\"wp-block-column is-layout-flow wp-block-column-is-layout-flow\">\n<figure class=\"wp-block-image size-full\" style=\"margin-bottom:24px\"><img loading=\"lazy\" decoding=\"async\" width=\"860\" height=\"863\" src=\"https:\/\/anneceleste.fr\/wp-content\/uploads\/2025\/11\/2022-03-23_08-22-49.png\" alt=\"\" class=\"wp-image-178\" style=\"aspect-ratio:1;object-fit:cover\" srcset=\"https:\/\/anneceleste.fr\/wp-content\/uploads\/2025\/11\/2022-03-23_08-22-49.png 860w, https:\/\/anneceleste.fr\/wp-content\/uploads\/2025\/11\/2022-03-23_08-22-49-300x300.png 300w, https:\/\/anneceleste.fr\/wp-content\/uploads\/2025\/11\/2022-03-23_08-22-49-150x150.png 150w, https:\/\/anneceleste.fr\/wp-content\/uploads\/2025\/11\/2022-03-23_08-22-49-768x771.png 768w\" sizes=\"auto, (max-width: 860px) 100vw, 860px\" \/><\/figure>\n\n\n\n<h3 class=\"wp-block-heading has-contrast-color has-text-color has-link-color wp-elements-9595b25ac8f1c072d5504b2ca66c5de0\">3. Dossier Techniques etSuivi de chantier.<\/h3>\n\n\n\n<p class=\"has-text-color has-link-color has-medium-font-size wp-elements-36722ec65e230cc6e344bd9c79a6520f\" style=\"color:#d6af70\">Dossier complet des plans d&#8217;ex\u00e9cution. Document principal pour les artisans.<\/p>\n\n\n\n<p class=\"has-text-color has-link-color has-medium-font-size wp-elements-1517c4e1173a13253b82312674ede0b5\" style=\"color:#d6af70\"> Visites r\u00e9guli\u00e8res du site pour v\u00e9rifier la conformit\u00e9 des travaux de construction avec les plans approuv\u00e9s et apporter des ajustements.<\/p>\n<\/div>\n<\/div>\n<\/div>\n\n\n\n<div class=\"wp-block-group alignfull has-global-padding is-layout-constrained wp-block-group-is-layout-constrained\" style=\"margin-top:0;margin-bottom:0;padding-top:var(--wp--preset--spacing--60);padding-bottom:var(--wp--preset--spacing--60)\">\n<div class=\"wp-block-columns alignwide is-layout-flex wp-container-core-columns-is-layout-74b2cda3 wp-block-columns-is-layout-flex\">\n<div class=\"wp-block-column is-layout-flow wp-block-column-is-layout-flow\">\n<div class=\"wp-block-group is-vertical is-content-justification-left is-layout-flex wp-container-core-group-is-layout-7ce391b6 wp-block-group-is-layout-flex\" style=\"min-height:100%\">\n<blockquote class=\"wp-block-quote is-style-plain has-x-large-font-size is-layout-flow wp-container-core-quote-is-layout-5dafc681 wp-block-quote-is-layout-flow is-style-plain--4\" style=\"font-style:normal;font-weight:400\">\n<div class=\"wp-block-group has-global-padding is-content-justification-left is-layout-constrained wp-container-core-group-is-layout-085bd3d9 wp-block-group-is-layout-constrained\" style=\"margin-top:0;margin-bottom:0;padding-top:0;padding-right:0;padding-bottom:0;padding-left:0\">\n<p class=\"has-xx-large-font-size\">\u201cSuperb product and customer service!\u201d<\/p>\n<\/div>\n<cite>Jo Mulligan <br><sub>Atlanta, GA<\/sub><\/cite><\/blockquote>\n<\/div>\n<\/div>\n\n\n\n<div class=\"wp-block-column is-layout-flow wp-block-column-is-layout-flow\" style=\"padding-top:0;padding-right:0;padding-bottom:0;padding-left:0\">\n<figure class=\"wp-block-image size-large wp-duotone-rgb000-ffffff-5\"><img loading=\"lazy\" decoding=\"async\" width=\"1024\" height=\"682\" src=\"https:\/\/anneceleste.fr\/wp-content\/uploads\/2025\/11\/bsv7aBzZRcw-1024x682.jpg\" alt=\"\" class=\"wp-image-164\" style=\"aspect-ratio:1;object-fit:cover\" srcset=\"https:\/\/anneceleste.fr\/wp-content\/uploads\/2025\/11\/bsv7aBzZRcw-1024x682.jpg 1024w, https:\/\/anneceleste.fr\/wp-content\/uploads\/2025\/11\/bsv7aBzZRcw-300x200.jpg 300w, https:\/\/anneceleste.fr\/wp-content\/uploads\/2025\/11\/bsv7aBzZRcw-768x512.jpg 768w, https:\/\/anneceleste.fr\/wp-content\/uploads\/2025\/11\/bsv7aBzZRcw.jpg 1280w\" sizes=\"auto, (max-width: 1024px) 100vw, 1024px\" \/><\/figure>\n<\/div>\n<\/div>\n<\/div>\n\n\n\n<div class=\"wp-block-group alignfull has-global-padding is-layout-constrained wp-block-group-is-layout-constrained\" style=\"margin-top:0;margin-bottom:0;padding-top:var(--wp--preset--spacing--60);padding-bottom:var(--wp--preset--spacing--60)\">\n<h2 class=\"wp-block-heading alignwide has-text-align-center\">Pricing<\/h2>\n\n\n\n<p class=\"has-text-align-center\">Cancel or pause anytime.<\/p>\n\n\n\n<div style=\"height:var(--wp--preset--spacing--40)\" aria-hidden=\"true\" class=\"wp-block-spacer\"><\/div>\n\n\n\n<div class=\"wp-block-columns alignwide is-layout-flex wp-container-core-columns-is-layout-1d9f35bd wp-block-columns-is-layout-flex\">\n<div class=\"wp-block-column has-border-color is-layout-flow wp-block-column-is-layout-flow\" style=\"border-color:var(--wp--preset--color--accent-6);border-width:1px;border-radius:10px;padding-top:var(--wp--preset--spacing--50);padding-right:var(--wp--preset--spacing--50);padding-bottom:var(--wp--preset--spacing--50);padding-left:var(--wp--preset--spacing--50)\">\n<h3 class=\"wp-block-heading\" id=\"free\">1 visite \/Consultation<\/h3>\n\n\n\n<p class=\"has-large-font-size\">0\u20ac<\/p>\n\n\n\n<ul style=\"padding-bottom:var(--wp--preset--spacing--20);padding-left:var(--wp--preset--spacing--20)\" class=\"wp-block-list is-style-checkmark-list has-small-font-size\">\n<li>Get access to our paid articles and weekly newsletter.<\/li>\n\n\n\n<li>Join our IRL events.<\/li>\n\n\n\n<li>Get a free tote bag.<\/li>\n\n\n\n<li>An elegant addition of home decor collection.<\/li>\n\n\n\n<li>Join our forums.<\/li>\n<\/ul>\n\n\n\n<div class=\"wp-block-buttons is-content-justification-center is-layout-flex wp-container-core-buttons-is-layout-a89b3969 wp-block-buttons-is-layout-flex\">\n<div class=\"wp-block-button has-custom-width wp-block-button__width-100\"><a class=\"wp-block-button__link wp-element-button\">Join<\/a><\/div>\n<\/div>\n<\/div>\n\n\n\n<div class=\"wp-block-column has-border-color is-layout-flow wp-block-column-is-layout-flow\" style=\"border-color:var(--wp--preset--color--accent-6);border-width:1px;border-radius:10px;padding-top:var(--wp--preset--spacing--50);padding-right:var(--wp--preset--spacing--50);padding-bottom:var(--wp--preset--spacing--50);padding-left:var(--wp--preset--spacing--50)\">\n<h3 class=\"wp-block-heading\" id=\"single\">Single<\/h3>\n\n\n\n<p class=\"has-large-font-size\">20\u20ac\/month<\/p>\n\n\n\n<ul style=\"padding-bottom:var(--wp--preset--spacing--20);padding-left:var(--wp--preset--spacing--20)\" class=\"wp-block-list is-style-checkmark-list has-small-font-size\">\n<li>Get access to our paid articles and weekly newsletter.<\/li>\n\n\n\n<li>Join our IRL events.<\/li>\n\n\n\n<li>Get a free tote bag.<\/li>\n\n\n\n<li>An elegant addition of home decor collection.<\/li>\n\n\n\n<li>Join our forums.<\/li>\n<\/ul>\n\n\n\n<div class=\"wp-block-buttons is-content-justification-center is-layout-flex wp-container-core-buttons-is-layout-a89b3969 wp-block-buttons-is-layout-flex\">\n<div class=\"wp-block-button has-custom-width wp-block-button__width-100\"><a class=\"wp-block-button__link wp-element-button\">Join<\/a><\/div>\n<\/div>\n<\/div>\n<\/div>\n<\/div>\n\n\n\n<aside class=\"wp-block-group alignfull is-style-section-3 has-base-background-color has-background has-global-padding is-layout-constrained wp-container-core-group-is-layout-f0f2a97b wp-block-group-is-layout-constrained is-style-section-3--6\" style=\"margin-top:0;margin-bottom:0;padding-top:var(--wp--preset--spacing--50);padding-right:var(--wp--preset--spacing--50);padding-bottom:var(--wp--preset--spacing--50);padding-left:var(--wp--preset--spacing--50)\">\n<div class=\"wp-block-group is-vertical is-content-justification-center is-layout-flex wp-container-core-group-is-layout-8778ca4a wp-block-group-is-layout-flex\" style=\"min-height:360px;margin-top:0;margin-bottom:0\">\n<h2 class=\"wp-block-heading has-text-align-center has-xx-large-font-size\">Sign up to get daily stories<\/h2>\n\n\n\n<p class=\"has-text-align-center is-style-text-subtitle is-style-text-subtitle--7\">Get access to a curated collection of moments in time featuring photographs from historical relevance.<\/p>\n\n\n\n<div style=\"height:0px\" aria-hidden=\"true\" class=\"wp-block-spacer wp-container-content-62aae154\"><\/div>\n\n\n\n<div class=\"wp-block-buttons is-content-justification-center is-layout-flex wp-container-core-buttons-is-layout-a89b3969 wp-block-buttons-is-layout-flex\">\n<div class=\"wp-block-button\"><a class=\"wp-block-button__link has-text-align-center wp-element-button\">Subscribe<\/a><\/div>\n<\/div>\n<\/div>\n<\/aside>\n\n\n\n<p><\/p>\n","protected":false},"excerpt":{"rendered":"<p>Les cl\u00e9s du succ\u00e8s d&#8217;un projet de design d&#8217;int\u00e9rieur: La v\u00e9ritable r\u00e9ussite r\u00e9side dans la juste alchimie entre l&#8217;esth\u00e9tique \u2014 l&#8217;\u00e2me du projet \u2014, la praticit\u00e9 \u2014 la mani\u00e8re dont vous vivez l&#8217;espace au quotidien \u2014 et le respect du cadrage budg\u00e9taire. About Us Mon ambition est de concevoir un espace authentiquement v\u00f4tre, pens\u00e9 sur-mesure, [&hellip;]<\/p>\n","protected":false},"author":1,"featured_media":164,"parent":0,"menu_order":0,"comment_status":"closed","ping_status":"closed","template":"","meta":{"footnotes":""},"class_list":["post-38","page","type-page","status-publish","has-post-thumbnail","hentry"],"_links":{"self":[{"href":"https:\/\/anneceleste.fr\/index.php?rest_route=\/wp\/v2\/pages\/38","targetHints":{"allow":["GET"]}}],"collection":[{"href":"https:\/\/anneceleste.fr\/index.php?rest_route=\/wp\/v2\/pages"}],"about":[{"href":"https:\/\/anneceleste.fr\/index.php?rest_route=\/wp\/v2\/types\/page"}],"author":[{"embeddable":true,"href":"https:\/\/anneceleste.fr\/index.php?rest_route=\/wp\/v2\/users\/1"}],"replies":[{"embeddable":true,"href":"https:\/\/anneceleste.fr\/index.php?rest_route=%2Fwp%2Fv2%2Fcomments&post=38"}],"version-history":[{"count":6,"href":"https:\/\/anneceleste.fr\/index.php?rest_route=\/wp\/v2\/pages\/38\/revisions"}],"predecessor-version":[{"id":181,"href":"https:\/\/anneceleste.fr\/index.php?rest_route=\/wp\/v2\/pages\/38\/revisions\/181"}],"wp:featuredmedia":[{"embeddable":true,"href":"https:\/\/anneceleste.fr\/index.php?rest_route=\/wp\/v2\/media\/164"}],"wp:attachment":[{"href":"https:\/\/anneceleste.fr\/index.php?rest_route=%2Fwp%2Fv2%2Fmedia&parent=38"}],"curies":[{"name":"wp","href":"https:\/\/api.w.org\/{rel}","templated":true}]}}